{"id":2,"date":"2024-05-07T20:26:32","date_gmt":"2024-05-07T18:26:32","guid":{"rendered":"https:\/\/www.jazykovaskoladobris.cz\/?page_id=2"},"modified":"2024-08-25T08:32:52","modified_gmt":"2024-08-25T06:32:52","slug":"zkusebni-stranka","status":"publish","type":"page","link":"https:\/\/www.jazykovaskoladobris.cz\/","title":{"rendered":"O n\u00e1s"},"content":{"rendered":"\n<p><strong>Z\u00e1pis do jazykov\u00fdch kurz\u016f na \u0161koln\u00ed rok 2024\/202<\/strong>5 se kon\u00e1 od 2.9. do 4.9.2024 od 13 hodin do 18 hodin na adrese Komensk\u00e9ho n\u00e1m. 454, Dob\u0159\u00ed\u0161, 2. patro.<\/p>\n\n\n\n<p>V\u00edt\u00e1me V\u00e1s na str\u00e1nk\u00e1ch Jazykov\u00e9 \u0161koly\u00a0in\u00a0Dob\u0159\u00ed\u0161. \u0160kola byla zalo\u017eena pan\u00ed Danielou Smetanovou pod n\u00e1zvem Jazykov\u00e1 \u0161kola Smetanov\u00e1 roku 1990 v P\u0159\u00edbrami a v roce 2000 byla otev\u0159ena pobo\u010dka v\u00a0Dob\u0159\u00ed\u0161i. \u0160kola ukon\u010dila v \u010dervnu roku 2007 svou \u010dinnost v P\u0159\u00edbrami a v sou\u010dasn\u00e9 dob\u011b nad\u00e1le p\u016fsob\u00ed Jazykov\u00e1 \u0161kola v Dob\u0159\u00ed\u0161i.<\/p>\n\n\n\n<p><strong>Zaji\u0161\u0165ujeme v\u00fduku pro firmy, st\u00e1tn\u00ed spr\u00e1vu, kurzy pro ve\u0159ejnost, kurzy skupinov\u00e9 i individu\u00e1ln\u00ed.<\/strong><\/p>\n\n\n\n<p>Nab\u00edz\u00edme V\u00e1m kvalitn\u00ed v\u00fduku, p\u0159i kter\u00e9 se hlavn\u011b soust\u0159e\u010fujeme na komunikaci, abyste byli schopni ciz\u00ed jazyk v profesn\u00edm i osobn\u00edm \u017eivot\u011b aktivn\u011b pou\u017e\u00edvat. V\u00fduka prob\u00edh\u00e1 v p\u0159\u00edjemn\u00e9m a p\u0159\u00e1telsk\u00e9m prost\u0159ed\u00ed.<\/p>\n\n\n\n<p><strong>Silvie Bo\u017ekov\u00e1<\/strong><br>Komensk\u00e9ho n\u00e1m. 454, Dob\u0159\u00ed\u0161<br>+420 605&nbsp;986&nbsp;129<br>silva@jazykovaskoladobris.cz<\/p>\n","protected":false},"excerpt":{"rendered":"<p>Z\u00e1pis do jazykov\u00fdch kurz\u016f na \u0161koln\u00ed rok 2024\/2025 se kon\u00e1 od 2.9. do 4.9.2024 od 13 hodin do 18 hodin na adrese Komensk\u00e9ho n\u00e1m. 454, Dob\u0159\u00ed\u0161, 2. patro. V\u00edt\u00e1me V\u00e1s na str\u00e1nk\u00e1ch Jazykov\u00e9 \u0161koly\u00a0in\u00a0Dob\u0159\u00ed\u0161. \u0160kola byla zalo\u017eena pan\u00ed Danielou Smetanovou pod n\u00e1zvem Jazykov\u00e1 \u0161kola Smetanov\u00e1 roku 1990 v P\u0159\u00edbrami a v roce 2000 byla otev\u0159ena [&hellip;]<\/p>\n","protected":false},"author":1,"featured_media":0,"parent":0,"menu_order":0,"comment_status":"closed","ping_status":"open","template":"","meta":{"_monsterinsights_skip_tracking":false,"_monsterinsights_sitenote_active":false,"_monsterinsights_sitenote_note":"","_monsterinsights_sitenote_category":0,"footnotes":""},"yoast_head":"<!-- This site is optimized with the Yoast SEO plugin v22.6 - https:\/\/yoast.com\/wordpress\/plugins\/seo\/ -->\n<title>O n\u00e1s - Jazykov\u00e1 \u0161kola in Dob\u0159\u00ed\u0161<\/title>\n<meta name=\"robots\" content=\"index, follow, max-snippet:-1, max-image-preview:large, max-video-preview:-1\" \/>\n<link rel=\"canonical\" href=\"https:\/\/www.jazykovaskoladobris.cz\/\" \/>\n<meta property=\"og:locale\" content=\"cs_CZ\" \/>\n<meta property=\"og:type\" content=\"article\" \/>\n<meta property=\"og:title\" content=\"O n\u00e1s - Jazykov\u00e1 \u0161kola in Dob\u0159\u00ed\u0161\" \/>\n<meta property=\"og:description\" content=\"Z\u00e1pis do jazykov\u00fdch kurz\u016f na \u0161koln\u00ed rok 2024\/2025 se kon\u00e1 od 2.9. do 4.9.2024 od 13 hodin do 18 hodin na adrese Komensk\u00e9ho n\u00e1m. 454, Dob\u0159\u00ed\u0161, 2. patro. V\u00edt\u00e1me V\u00e1s na str\u00e1nk\u00e1ch Jazykov\u00e9 \u0161koly\u00a0in\u00a0Dob\u0159\u00ed\u0161. \u0160kola byla zalo\u017eena pan\u00ed Danielou Smetanovou pod n\u00e1zvem Jazykov\u00e1 \u0161kola Smetanov\u00e1 roku 1990 v P\u0159\u00edbrami a v roce 2000 byla otev\u0159ena [&hellip;]\" \/>\n<meta property=\"og:url\" content=\"https:\/\/www.jazykovaskoladobris.cz\/\" \/>\n<meta property=\"og:site_name\" content=\"Jazykov\u00e1 \u0161kola in Dob\u0159\u00ed\u0161\" \/>\n<meta property=\"article:modified_time\" content=\"2024-08-25T06:32:52+00:00\" \/>\n<meta name=\"twitter:card\" content=\"summary_large_image\" \/>\n<meta name=\"twitter:label1\" content=\"Odhadovan\u00e1 doba \u010dten\u00ed\" \/>\n\t<meta name=\"twitter:data1\" content=\"1 minuta\" \/>\n<script type=\"application\/ld+json\" class=\"yoast-schema-graph\">{\"@context\":\"https:\/\/schema.org\",\"@graph\":[{\"@type\":\"WebPage\",\"@id\":\"https:\/\/www.jazykovaskoladobris.cz\/\",\"url\":\"https:\/\/www.jazykovaskoladobris.cz\/\",\"name\":\"O n\u00e1s - Jazykov\u00e1 \u0161kola in Dob\u0159\u00ed\u0161\",\"isPartOf\":{\"@id\":\"https:\/\/www.jazykovaskoladobris.cz\/#website\"},\"datePublished\":\"2024-05-07T18:26:32+00:00\",\"dateModified\":\"2024-08-25T06:32:52+00:00\",\"breadcrumb\":{\"@id\":\"https:\/\/www.jazykovaskoladobris.cz\/#breadcrumb\"},\"inLanguage\":\"cs\",\"potentialAction\":[{\"@type\":\"ReadAction\",\"target\":[\"https:\/\/www.jazykovaskoladobris.cz\/\"]}]},{\"@type\":\"BreadcrumbList\",\"@id\":\"https:\/\/www.jazykovaskoladobris.cz\/#breadcrumb\",\"itemListElement\":[{\"@type\":\"ListItem\",\"position\":1,\"name\":\"Home\",\"item\":\"https:\/\/www.jazykovaskoladobris.cz\/\"},{\"@type\":\"ListItem\",\"position\":2,\"name\":\"O n\u00e1s\"}]},{\"@type\":\"WebSite\",\"@id\":\"https:\/\/www.jazykovaskoladobris.cz\/#website\",\"url\":\"https:\/\/www.jazykovaskoladobris.cz\/\",\"name\":\"Jazykov\u00e1 \u0161kola in Dob\u0159\u00ed\u0161\",\"description\":\"\",\"potentialAction\":[{\"@type\":\"SearchAction\",\"target\":{\"@type\":\"EntryPoint\",\"urlTemplate\":\"https:\/\/www.jazykovaskoladobris.cz\/?s={search_term_string}\"},\"query-input\":\"required name=search_term_string\"}],\"inLanguage\":\"cs\"}]}<\/script>\n<!-- \/ Yoast SEO plugin. -->","yoast_head_json":{"title":"O n\u00e1s - Jazykov\u00e1 \u0161kola in Dob\u0159\u00ed\u0161","robots":{"index":"index","follow":"follow","max-snippet":"max-snippet:-1","max-image-preview":"max-image-preview:large","max-video-preview":"max-video-preview:-1"},"canonical":"https:\/\/www.jazykovaskoladobris.cz\/","og_locale":"cs_CZ","og_type":"article","og_title":"O n\u00e1s - Jazykov\u00e1 \u0161kola in Dob\u0159\u00ed\u0161","og_description":"Z\u00e1pis do jazykov\u00fdch kurz\u016f na \u0161koln\u00ed rok 2024\/2025 se kon\u00e1 od 2.9. do 4.9.2024 od 13 hodin do 18 hodin na adrese Komensk\u00e9ho n\u00e1m. 454, Dob\u0159\u00ed\u0161, 2. patro. V\u00edt\u00e1me V\u00e1s na str\u00e1nk\u00e1ch Jazykov\u00e9 \u0161koly\u00a0in\u00a0Dob\u0159\u00ed\u0161. \u0160kola byla zalo\u017eena pan\u00ed Danielou Smetanovou pod n\u00e1zvem Jazykov\u00e1 \u0161kola Smetanov\u00e1 roku 1990 v P\u0159\u00edbrami a v roce 2000 byla otev\u0159ena [&hellip;]","og_url":"https:\/\/www.jazykovaskoladobris.cz\/","og_site_name":"Jazykov\u00e1 \u0161kola in Dob\u0159\u00ed\u0161","article_modified_time":"2024-08-25T06:32:52+00:00","twitter_card":"summary_large_image","twitter_misc":{"Odhadovan\u00e1 doba \u010dten\u00ed":"1 minuta"},"schema":{"@context":"https:\/\/schema.org","@graph":[{"@type":"WebPage","@id":"https:\/\/www.jazykovaskoladobris.cz\/","url":"https:\/\/www.jazykovaskoladobris.cz\/","name":"O n\u00e1s - Jazykov\u00e1 \u0161kola in Dob\u0159\u00ed\u0161","isPartOf":{"@id":"https:\/\/www.jazykovaskoladobris.cz\/#website"},"datePublished":"2024-05-07T18:26:32+00:00","dateModified":"2024-08-25T06:32:52+00:00","breadcrumb":{"@id":"https:\/\/www.jazykovaskoladobris.cz\/#breadcrumb"},"inLanguage":"cs","potentialAction":[{"@type":"ReadAction","target":["https:\/\/www.jazykovaskoladobris.cz\/"]}]},{"@type":"BreadcrumbList","@id":"https:\/\/www.jazykovaskoladobris.cz\/#breadcrumb","itemListElement":[{"@type":"ListItem","position":1,"name":"Home","item":"https:\/\/www.jazykovaskoladobris.cz\/"},{"@type":"ListItem","position":2,"name":"O n\u00e1s"}]},{"@type":"WebSite","@id":"https:\/\/www.jazykovaskoladobris.cz\/#website","url":"https:\/\/www.jazykovaskoladobris.cz\/","name":"Jazykov\u00e1 \u0161kola in Dob\u0159\u00ed\u0161","description":"","potentialAction":[{"@type":"SearchAction","target":{"@type":"EntryPoint","urlTemplate":"https:\/\/www.jazykovaskoladobris.cz\/?s={search_term_string}"},"query-input":"required name=search_term_string"}],"inLanguage":"cs"}]}},"_links":{"self":[{"href":"https:\/\/www.jazykovaskoladobris.cz\/index.php?rest_route=\/wp\/v2\/pages\/2"}],"collection":[{"href":"https:\/\/www.jazykovaskoladobris.cz\/index.php?rest_route=\/wp\/v2\/pages"}],"about":[{"href":"https:\/\/www.jazykovaskoladobris.cz\/index.php?rest_route=\/wp\/v2\/types\/page"}],"author":[{"embeddable":true,"href":"https:\/\/www.jazykovaskoladobris.cz\/index.php?rest_route=\/wp\/v2\/users\/1"}],"replies":[{"embeddable":true,"href":"https:\/\/www.jazykovaskoladobris.cz\/index.php?rest_route=%2Fwp%2Fv2%2Fcomments&post=2"}],"version-history":[{"count":6,"href":"https:\/\/www.jazykovaskoladobris.cz\/index.php?rest_route=\/wp\/v2\/pages\/2\/revisions"}],"predecessor-version":[{"id":29,"href":"https:\/\/www.jazykovaskoladobris.cz\/index.php?rest_route=\/wp\/v2\/pages\/2\/revisions\/29"}],"wp:attachment":[{"href":"https:\/\/www.jazykovaskoladobris.cz\/index.php?rest_route=%2Fwp%2Fv2%2Fmedia&parent=2"}],"curies":[{"name":"wp","href":"https:\/\/api.w.org\/{rel}","templated":true}]}}