{"id":27,"date":"2024-08-25T08:30:26","date_gmt":"2024-08-25T06:30:26","guid":{"rendered":"https:\/\/www.jazykovaskoladobris.cz\/?page_id=27"},"modified":"2024-08-25T08:33:28","modified_gmt":"2024-08-25T06:33:28","slug":"ceny-kurzu","status":"publish","type":"page","link":"https:\/\/www.jazykovaskoladobris.cz\/?page_id=27","title":{"rendered":"Ceny kurz\u016f"},"content":{"rendered":"\n<p><strong>Cen\u00edk kurz\u016f:<\/strong><\/p>\n\n\n\n<p>individu\u00e1ln\u00ed kurz 60 minut&nbsp; &nbsp; &nbsp; &nbsp; 500,-K\u010d (1-2 studenti)<\/p>\n\n\n\n<p>individu\u00e1ln\u00ed kurz 45 minut&nbsp; &nbsp; &nbsp; &nbsp; 400,-K\u010d (1-2 studenti)<\/p>\n\n\n\n<p>skupinov\u00fd kurz 45 minut&nbsp; &nbsp; &nbsp; &nbsp; 4 000,-K\u010d (od 4 student\u016f)<\/p>\n\n\n\n<p>skupinov\u00fd kurz 60 minut&nbsp; &nbsp; &nbsp; &nbsp; 5 000,-K\u010d (od 4 student\u016f)<\/p>\n\n\n\n<p>skupinov\u00fd kurz 90 minut&nbsp; &nbsp; &nbsp; &nbsp; 7 500,-K\u010d (od 4 student\u016f)<\/p>\n","protected":false},"excerpt":{"rendered":"<p>Cen\u00edk kurz\u016f: individu\u00e1ln\u00ed kurz 60 minut&nbsp; &nbsp; &nbsp; &nbsp; 500,-K\u010d (1-2 studenti) individu\u00e1ln\u00ed kurz 45 minut&nbsp; &nbsp; &nbsp; &nbsp; 400,-K\u010d (1-2 studenti) skupinov\u00fd kurz 45 minut&nbsp; &nbsp; &nbsp; &nbsp; 4 000,-K\u010d (od 4 student\u016f) skupinov\u00fd kurz 60 minut&nbsp; &nbsp; &nbsp; &nbsp; 5 000,-K\u010d (od 4 student\u016f) skupinov\u00fd kurz 90 minut&nbsp; &nbsp; &nbsp; &nbsp; 7 500,-K\u010d [&hellip;]<\/p>\n","protected":false},"author":1,"featured_media":0,"parent":0,"menu_order":0,"comment_status":"closed","ping_status":"closed","template":"","meta":{"_monsterinsights_skip_tracking":false,"_monsterinsights_sitenote_active":false,"_monsterinsights_sitenote_note":"","_monsterinsights_sitenote_category":0,"footnotes":""},"yoast_head":"<!-- This site is optimized with the Yoast SEO plugin v22.6 - https:\/\/yoast.com\/wordpress\/plugins\/seo\/ -->\n<title>Ceny kurz\u016f - Jazykov\u00e1 \u0161kola in Dob\u0159\u00ed\u0161<\/title>\n<meta name=\"robots\" content=\"index, follow, max-snippet:-1, max-image-preview:large, max-video-preview:-1\" \/>\n<link rel=\"canonical\" href=\"https:\/\/www.jazykovaskoladobris.cz\/?page_id=27\" \/>\n<meta property=\"og:locale\" content=\"cs_CZ\" \/>\n<meta property=\"og:type\" content=\"article\" \/>\n<meta property=\"og:title\" content=\"Ceny kurz\u016f - Jazykov\u00e1 \u0161kola in Dob\u0159\u00ed\u0161\" \/>\n<meta property=\"og:description\" content=\"Cen\u00edk kurz\u016f: individu\u00e1ln\u00ed kurz 60 minut&nbsp; &nbsp; &nbsp; &nbsp; 500,-K\u010d (1-2 studenti) individu\u00e1ln\u00ed kurz 45 minut&nbsp; &nbsp; &nbsp; &nbsp; 400,-K\u010d (1-2 studenti) skupinov\u00fd kurz 45 minut&nbsp; &nbsp; &nbsp; &nbsp; 4 000,-K\u010d (od 4 student\u016f) skupinov\u00fd kurz 60 minut&nbsp; &nbsp; &nbsp; &nbsp; 5 000,-K\u010d (od 4 student\u016f) skupinov\u00fd kurz 90 minut&nbsp; &nbsp; &nbsp; &nbsp; 7 500,-K\u010d [&hellip;]\" \/>\n<meta property=\"og:url\" content=\"https:\/\/www.jazykovaskoladobris.cz\/?page_id=27\" \/>\n<meta property=\"og:site_name\" content=\"Jazykov\u00e1 \u0161kola in Dob\u0159\u00ed\u0161\" \/>\n<meta property=\"article:modified_time\" content=\"2024-08-25T06:33:28+00:00\" \/>\n<meta name=\"twitter:card\" content=\"summary_large_image\" \/>\n<meta name=\"twitter:label1\" content=\"Odhadovan\u00e1 doba \u010dten\u00ed\" \/>\n\t<meta name=\"twitter:data1\" content=\"1 minuta\" \/>\n<script type=\"application\/ld+json\" class=\"yoast-schema-graph\">{\"@context\":\"https:\/\/schema.org\",\"@graph\":[{\"@type\":\"WebPage\",\"@id\":\"https:\/\/www.jazykovaskoladobris.cz\/?page_id=27\",\"url\":\"https:\/\/www.jazykovaskoladobris.cz\/?page_id=27\",\"name\":\"Ceny kurz\u016f - Jazykov\u00e1 \u0161kola in Dob\u0159\u00ed\u0161\",\"isPartOf\":{\"@id\":\"https:\/\/www.jazykovaskoladobris.cz\/#website\"},\"datePublished\":\"2024-08-25T06:30:26+00:00\",\"dateModified\":\"2024-08-25T06:33:28+00:00\",\"breadcrumb\":{\"@id\":\"https:\/\/www.jazykovaskoladobris.cz\/?page_id=27#breadcrumb\"},\"inLanguage\":\"cs\",\"potentialAction\":[{\"@type\":\"ReadAction\",\"target\":[\"https:\/\/www.jazykovaskoladobris.cz\/?page_id=27\"]}]},{\"@type\":\"BreadcrumbList\",\"@id\":\"https:\/\/www.jazykovaskoladobris.cz\/?page_id=27#breadcrumb\",\"itemListElement\":[{\"@type\":\"ListItem\",\"position\":1,\"name\":\"Home\",\"item\":\"https:\/\/www.jazykovaskoladobris.cz\/\"},{\"@type\":\"ListItem\",\"position\":2,\"name\":\"Ceny kurz\u016f\"}]},{\"@type\":\"WebSite\",\"@id\":\"https:\/\/www.jazykovaskoladobris.cz\/#website\",\"url\":\"https:\/\/www.jazykovaskoladobris.cz\/\",\"name\":\"Jazykov\u00e1 \u0161kola in Dob\u0159\u00ed\u0161\",\"description\":\"\",\"potentialAction\":[{\"@type\":\"SearchAction\",\"target\":{\"@type\":\"EntryPoint\",\"urlTemplate\":\"https:\/\/www.jazykovaskoladobris.cz\/?s={search_term_string}\"},\"query-input\":\"required name=search_term_string\"}],\"inLanguage\":\"cs\"}]}<\/script>\n<!-- \/ Yoast SEO plugin. -->","yoast_head_json":{"title":"Ceny kurz\u016f - Jazykov\u00e1 \u0161kola in Dob\u0159\u00ed\u0161","robots":{"index":"index","follow":"follow","max-snippet":"max-snippet:-1","max-image-preview":"max-image-preview:large","max-video-preview":"max-video-preview:-1"},"canonical":"https:\/\/www.jazykovaskoladobris.cz\/?page_id=27","og_locale":"cs_CZ","og_type":"article","og_title":"Ceny kurz\u016f - Jazykov\u00e1 \u0161kola in Dob\u0159\u00ed\u0161","og_description":"Cen\u00edk kurz\u016f: individu\u00e1ln\u00ed kurz 60 minut&nbsp; &nbsp; &nbsp; &nbsp; 500,-K\u010d (1-2 studenti) individu\u00e1ln\u00ed kurz 45 minut&nbsp; &nbsp; &nbsp; &nbsp; 400,-K\u010d (1-2 studenti) skupinov\u00fd kurz 45 minut&nbsp; &nbsp; &nbsp; &nbsp; 4 000,-K\u010d (od 4 student\u016f) skupinov\u00fd kurz 60 minut&nbsp; &nbsp; &nbsp; &nbsp; 5 000,-K\u010d (od 4 student\u016f) skupinov\u00fd kurz 90 minut&nbsp; &nbsp; &nbsp; &nbsp; 7 500,-K\u010d [&hellip;]","og_url":"https:\/\/www.jazykovaskoladobris.cz\/?page_id=27","og_site_name":"Jazykov\u00e1 \u0161kola in Dob\u0159\u00ed\u0161","article_modified_time":"2024-08-25T06:33:28+00:00","twitter_card":"summary_large_image","twitter_misc":{"Odhadovan\u00e1 doba \u010dten\u00ed":"1 minuta"},"schema":{"@context":"https:\/\/schema.org","@graph":[{"@type":"WebPage","@id":"https:\/\/www.jazykovaskoladobris.cz\/?page_id=27","url":"https:\/\/www.jazykovaskoladobris.cz\/?page_id=27","name":"Ceny kurz\u016f - Jazykov\u00e1 \u0161kola in Dob\u0159\u00ed\u0161","isPartOf":{"@id":"https:\/\/www.jazykovaskoladobris.cz\/#website"},"datePublished":"2024-08-25T06:30:26+00:00","dateModified":"2024-08-25T06:33:28+00:00","breadcrumb":{"@id":"https:\/\/www.jazykovaskoladobris.cz\/?page_id=27#breadcrumb"},"inLanguage":"cs","potentialAction":[{"@type":"ReadAction","target":["https:\/\/www.jazykovaskoladobris.cz\/?page_id=27"]}]},{"@type":"BreadcrumbList","@id":"https:\/\/www.jazykovaskoladobris.cz\/?page_id=27#breadcrumb","itemListElement":[{"@type":"ListItem","position":1,"name":"Home","item":"https:\/\/www.jazykovaskoladobris.cz\/"},{"@type":"ListItem","position":2,"name":"Ceny kurz\u016f"}]},{"@type":"WebSite","@id":"https:\/\/www.jazykovaskoladobris.cz\/#website","url":"https:\/\/www.jazykovaskoladobris.cz\/","name":"Jazykov\u00e1 \u0161kola in Dob\u0159\u00ed\u0161","description":"","potentialAction":[{"@type":"SearchAction","target":{"@type":"EntryPoint","urlTemplate":"https:\/\/www.jazykovaskoladobris.cz\/?s={search_term_string}"},"query-input":"required name=search_term_string"}],"inLanguage":"cs"}]}},"_links":{"self":[{"href":"https:\/\/www.jazykovaskoladobris.cz\/index.php?rest_route=\/wp\/v2\/pages\/27"}],"collection":[{"href":"https:\/\/www.jazykovaskoladobris.cz\/index.php?rest_route=\/wp\/v2\/pages"}],"about":[{"href":"https:\/\/www.jazykovaskoladobris.cz\/index.php?rest_route=\/wp\/v2\/types\/page"}],"author":[{"embeddable":true,"href":"https:\/\/www.jazykovaskoladobris.cz\/index.php?rest_route=\/wp\/v2\/users\/1"}],"replies":[{"embeddable":true,"href":"https:\/\/www.jazykovaskoladobris.cz\/index.php?rest_route=%2Fwp%2Fv2%2Fcomments&post=27"}],"version-history":[{"count":2,"href":"https:\/\/www.jazykovaskoladobris.cz\/index.php?rest_route=\/wp\/v2\/pages\/27\/revisions"}],"predecessor-version":[{"id":30,"href":"https:\/\/www.jazykovaskoladobris.cz\/index.php?rest_route=\/wp\/v2\/pages\/27\/revisions\/30"}],"wp:attachment":[{"href":"https:\/\/www.jazykovaskoladobris.cz\/index.php?rest_route=%2Fwp%2Fv2%2Fmedia&parent=27"}],"curies":[{"name":"wp","href":"https:\/\/api.w.org\/{rel}","templated":true}]}}