{"id":3,"date":"2024-05-07T20:26:32","date_gmt":"2024-05-07T18:26:32","guid":{"rendered":"https:\/\/www.jazykovaskoladobris.cz\/?page_id=3"},"modified":"2024-05-07T20:55:38","modified_gmt":"2024-05-07T18:55:38","slug":"ochrana-osobnich-udaju","status":"publish","type":"page","link":"https:\/\/www.jazykovaskoladobris.cz\/?page_id=3","title":{"rendered":"Kontakt"},"content":{"rendered":"\n<h2 class=\"wp-block-heading\"><\/h2>\n\n\n<p>Silvie Bo\u017ekov\u00e1<br \/>Komensk\u00e9ho n\u00e1m. 454, Dob\u0159\u00ed\u0161<br \/>Tel. 00420 605\u00a0986\u00a0129<br \/>silva@jazykovaskoladobris.cz<\/p>","protected":false},"excerpt":{"rendered":"<p>Silvie Bo\u017ekov\u00e1Komensk\u00e9ho n\u00e1m. 454, Dob\u0159\u00ed\u0161Tel. 00420 605\u00a0986\u00a0129silva@jazykovaskoladobris.cz<\/p>\n","protected":false},"author":1,"featured_media":0,"parent":0,"menu_order":0,"comment_status":"closed","ping_status":"open","template":"","meta":{"_monsterinsights_skip_tracking":false,"_monsterinsights_sitenote_active":false,"_monsterinsights_sitenote_note":"","_monsterinsights_sitenote_category":0,"footnotes":""},"yoast_head":"<!-- This site is optimized with the Yoast SEO plugin v22.6 - https:\/\/yoast.com\/wordpress\/plugins\/seo\/ -->\n<title>Kontakt - Jazykov\u00e1 \u0161kola in Dob\u0159\u00ed\u0161<\/title>\n<meta name=\"robots\" content=\"index, follow, max-snippet:-1, max-image-preview:large, max-video-preview:-1\" \/>\n<link rel=\"canonical\" href=\"https:\/\/www.jazykovaskoladobris.cz\/?page_id=3\" \/>\n<meta property=\"og:locale\" content=\"cs_CZ\" \/>\n<meta property=\"og:type\" content=\"article\" \/>\n<meta property=\"og:title\" content=\"Kontakt - Jazykov\u00e1 \u0161kola in Dob\u0159\u00ed\u0161\" \/>\n<meta property=\"og:description\" content=\"Silvie Bo\u017ekov\u00e1Komensk\u00e9ho n\u00e1m. 454, Dob\u0159\u00ed\u0161Tel. 00420 605\u00a0986\u00a0129silva@jazykovaskoladobris.cz\" \/>\n<meta property=\"og:url\" content=\"https:\/\/www.jazykovaskoladobris.cz\/?page_id=3\" \/>\n<meta property=\"og:site_name\" content=\"Jazykov\u00e1 \u0161kola in Dob\u0159\u00ed\u0161\" \/>\n<meta property=\"article:modified_time\" content=\"2024-05-07T18:55:38+00:00\" \/>\n<meta name=\"twitter:card\" content=\"summary_large_image\" \/>\n<meta name=\"twitter:label1\" content=\"Odhadovan\u00e1 doba \u010dten\u00ed\" \/>\n\t<meta name=\"twitter:data1\" content=\"1 minuta\" \/>\n<script type=\"application\/ld+json\" class=\"yoast-schema-graph\">{\"@context\":\"https:\/\/schema.org\",\"@graph\":[{\"@type\":\"WebPage\",\"@id\":\"https:\/\/www.jazykovaskoladobris.cz\/?page_id=3\",\"url\":\"https:\/\/www.jazykovaskoladobris.cz\/?page_id=3\",\"name\":\"Kontakt - Jazykov\u00e1 \u0161kola in Dob\u0159\u00ed\u0161\",\"isPartOf\":{\"@id\":\"https:\/\/www.jazykovaskoladobris.cz\/#website\"},\"datePublished\":\"2024-05-07T18:26:32+00:00\",\"dateModified\":\"2024-05-07T18:55:38+00:00\",\"breadcrumb\":{\"@id\":\"https:\/\/www.jazykovaskoladobris.cz\/?page_id=3#breadcrumb\"},\"inLanguage\":\"cs\",\"potentialAction\":[{\"@type\":\"ReadAction\",\"target\":[\"https:\/\/www.jazykovaskoladobris.cz\/?page_id=3\"]}]},{\"@type\":\"BreadcrumbList\",\"@id\":\"https:\/\/www.jazykovaskoladobris.cz\/?page_id=3#breadcrumb\",\"itemListElement\":[{\"@type\":\"ListItem\",\"position\":1,\"name\":\"Home\",\"item\":\"https:\/\/www.jazykovaskoladobris.cz\/\"},{\"@type\":\"ListItem\",\"position\":2,\"name\":\"Kontakt\"}]},{\"@type\":\"WebSite\",\"@id\":\"https:\/\/www.jazykovaskoladobris.cz\/#website\",\"url\":\"https:\/\/www.jazykovaskoladobris.cz\/\",\"name\":\"Jazykov\u00e1 \u0161kola in Dob\u0159\u00ed\u0161\",\"description\":\"\",\"potentialAction\":[{\"@type\":\"SearchAction\",\"target\":{\"@type\":\"EntryPoint\",\"urlTemplate\":\"https:\/\/www.jazykovaskoladobris.cz\/?s={search_term_string}\"},\"query-input\":\"required name=search_term_string\"}],\"inLanguage\":\"cs\"}]}<\/script>\n<!-- \/ Yoast SEO plugin. -->","yoast_head_json":{"title":"Kontakt - Jazykov\u00e1 \u0161kola in Dob\u0159\u00ed\u0161","robots":{"index":"index","follow":"follow","max-snippet":"max-snippet:-1","max-image-preview":"max-image-preview:large","max-video-preview":"max-video-preview:-1"},"canonical":"https:\/\/www.jazykovaskoladobris.cz\/?page_id=3","og_locale":"cs_CZ","og_type":"article","og_title":"Kontakt - Jazykov\u00e1 \u0161kola in Dob\u0159\u00ed\u0161","og_description":"Silvie Bo\u017ekov\u00e1Komensk\u00e9ho n\u00e1m. 454, Dob\u0159\u00ed\u0161Tel. 00420 605\u00a0986\u00a0129silva@jazykovaskoladobris.cz","og_url":"https:\/\/www.jazykovaskoladobris.cz\/?page_id=3","og_site_name":"Jazykov\u00e1 \u0161kola in Dob\u0159\u00ed\u0161","article_modified_time":"2024-05-07T18:55:38+00:00","twitter_card":"summary_large_image","twitter_misc":{"Odhadovan\u00e1 doba \u010dten\u00ed":"1 minuta"},"schema":{"@context":"https:\/\/schema.org","@graph":[{"@type":"WebPage","@id":"https:\/\/www.jazykovaskoladobris.cz\/?page_id=3","url":"https:\/\/www.jazykovaskoladobris.cz\/?page_id=3","name":"Kontakt - Jazykov\u00e1 \u0161kola in Dob\u0159\u00ed\u0161","isPartOf":{"@id":"https:\/\/www.jazykovaskoladobris.cz\/#website"},"datePublished":"2024-05-07T18:26:32+00:00","dateModified":"2024-05-07T18:55:38+00:00","breadcrumb":{"@id":"https:\/\/www.jazykovaskoladobris.cz\/?page_id=3#breadcrumb"},"inLanguage":"cs","potentialAction":[{"@type":"ReadAction","target":["https:\/\/www.jazykovaskoladobris.cz\/?page_id=3"]}]},{"@type":"BreadcrumbList","@id":"https:\/\/www.jazykovaskoladobris.cz\/?page_id=3#breadcrumb","itemListElement":[{"@type":"ListItem","position":1,"name":"Home","item":"https:\/\/www.jazykovaskoladobris.cz\/"},{"@type":"ListItem","position":2,"name":"Kontakt"}]},{"@type":"WebSite","@id":"https:\/\/www.jazykovaskoladobris.cz\/#website","url":"https:\/\/www.jazykovaskoladobris.cz\/","name":"Jazykov\u00e1 \u0161kola in Dob\u0159\u00ed\u0161","description":"","potentialAction":[{"@type":"SearchAction","target":{"@type":"EntryPoint","urlTemplate":"https:\/\/www.jazykovaskoladobris.cz\/?s={search_term_string}"},"query-input":"required name=search_term_string"}],"inLanguage":"cs"}]}},"_links":{"self":[{"href":"https:\/\/www.jazykovaskoladobris.cz\/index.php?rest_route=\/wp\/v2\/pages\/3"}],"collection":[{"href":"https:\/\/www.jazykovaskoladobris.cz\/index.php?rest_route=\/wp\/v2\/pages"}],"about":[{"href":"https:\/\/www.jazykovaskoladobris.cz\/index.php?rest_route=\/wp\/v2\/types\/page"}],"author":[{"embeddable":true,"href":"https:\/\/www.jazykovaskoladobris.cz\/index.php?rest_route=\/wp\/v2\/users\/1"}],"replies":[{"embeddable":true,"href":"https:\/\/www.jazykovaskoladobris.cz\/index.php?rest_route=%2Fwp%2Fv2%2Fcomments&post=3"}],"version-history":[{"count":2,"href":"https:\/\/www.jazykovaskoladobris.cz\/index.php?rest_route=\/wp\/v2\/pages\/3\/revisions"}],"predecessor-version":[{"id":16,"href":"https:\/\/www.jazykovaskoladobris.cz\/index.php?rest_route=\/wp\/v2\/pages\/3\/revisions\/16"}],"wp:attachment":[{"href":"https:\/\/www.jazykovaskoladobris.cz\/index.php?rest_route=%2Fwp%2Fv2%2Fmedia&parent=3"}],"curies":[{"name":"wp","href":"https:\/\/api.w.org\/{rel}","templated":true}]}}